{"id":7778,"date":"2022-10-26T22:06:35","date_gmt":"2022-10-26T22:06:35","guid":{"rendered":"https:\/\/laantiguaguatemala.com\/tous-les-artistes\/"},"modified":"2023-06-27T22:08:50","modified_gmt":"2023-06-27T22:08:50","slug":"tous-les-artistes","status":"publish","type":"page","link":"https:\/\/www.laantiguaguatemala.com\/fr\/repertoire-des-artistes\/tous-les-artistes\/","title":{"rendered":"tous les artistes"},"content":{"rendered":"\t\t<div data-elementor-type=\"wp-page\" data-elementor-id=\"7778\" class=\"elementor elementor-7778 elementor-1358\" data-elementor-post-type=\"page\">\n\t\t\t\t\t\t<section data-particle_enable=\"false\" data-particle-mobile-disabled=\"false\" class=\"elementor-section elementor-top-section elementor-element elementor-element-a442a0a elementor-section-boxed elementor-section-height-default elementor-section-height-default exad-glass-effect-no exad-sticky-section-no\" data-id=\"a442a0a\" data-element_type=\"section\">\n\t\t\t\t\t\t<div class=\"elementor-container elementor-column-gap-default\">\n\t\t\t\t\t<div class=\"elementor-column elementor-col-100 elementor-top-column elementor-element elementor-element-89c2382 exad-glass-effect-no exad-sticky-section-no\" data-id=\"89c2382\" data-element_type=\"column\">\n\t\t\t<div class=\"elementor-widget-wrap elementor-element-populated\">\n\t\t\t\t\t\t<div class=\"elementor-element elementor-element-b355153 exad-sticky-section-no exad-glass-effect-no elementor-widget elementor-widget-heading\" data-id=\"b355153\" data-element_type=\"widget\" data-widget_type=\"heading.default\">\n\t\t\t\t<div class=\"elementor-widget-container\">\n\t\t\t<h2 class=\"elementor-heading-title elementor-size-default\">Toute l'activit\u00e9 culturelle de la ville en un seul lieu<\/h2>\t\t<\/div>\n\t\t\t\t<\/div>\n\t\t\t\t\t<\/div>\n\t\t<\/div>\n\t\t\t\t\t<\/div>\n\t\t<\/section>\n\t\t\t\t<section data-particle_enable=\"false\" data-particle-mobile-disabled=\"false\" class=\"elementor-section elementor-top-section elementor-element elementor-element-dfd340d elementor-section-boxed elementor-section-height-default elementor-section-height-default exad-glass-effect-no exad-sticky-section-no\" data-id=\"dfd340d\" data-element_type=\"section\">\n\t\t\t\t\t\t<div class=\"elementor-container elementor-column-gap-default\">\n\t\t\t\t\t<div class=\"elementor-column elementor-col-100 elementor-top-column elementor-element elementor-element-c6f4e40 exad-glass-effect-no exad-sticky-section-no\" data-id=\"c6f4e40\" data-element_type=\"column\">\n\t\t\t<div class=\"elementor-widget-wrap elementor-element-populated\">\n\t\t\t\t\t\t<div class=\"elementor-element elementor-element-f30ee9d exad-sticky-section-no exad-glass-effect-no elementor-widget elementor-widget-ucaddon_post_grid\" data-id=\"f30ee9d\" data-element_type=\"widget\" data-widget_type=\"ucaddon_post_grid.default\">\n\t\t\t\t<div class=\"elementor-widget-container\">\n\t\t\t<!-- start Post Grid -->\n\t\t<link id='font-awesome-css' href='https:\/\/www.laantiguaguatemala.com\/wp-content\/plugins\/unlimited-elements-for-elementor-premium\/assets_libraries\/font-awesome5\/css\/fontawesome-all.min.css' type='text\/css' rel='stylesheet' >\n\t\t<link id='font-awesome-4-shim-css' href='https:\/\/www.laantiguaguatemala.com\/wp-content\/plugins\/unlimited-elements-for-elementor-premium\/assets_libraries\/font-awesome5\/css\/fontawesome-v4-shims.css' type='text\/css' rel='stylesheet' >\n\n\t\t\t<style type=\"text\/css\">\/* widget: Post Grid *\/\n\n#uc_post_grid_elementor11843.ue-post-grid {\n   display:grid;\n}\n\n\n\n#uc_post_grid_elementor11843 .ue-item\n{\n  overflow:hidden;\n  position:relative;\n}\n\n#uc_post_grid_elementor11843 .uc_post_image\n{\n  transition:0.3s;\n  position:relative;\n  overflow:hidden;\n}\n\n#uc_post_grid_elementor11843 .uc_post_image img\n{\n  width:100%;\n  display:block;\n  transition:0.3s;\n}\n\n\n\t\n\n\n\n\n\n\n#uc_post_grid_elementor11843 .uc_post_image_overlay\n{\n  position:absolute;\n  top:0px;\n  left:0px;\n  height:100%;\n  width:100%;\n  transition:0.3s;\n}\n\n#uc_post_grid_elementor11843 .uc_more_btn{\n\n  display:inline-block;\n  text-align:center;\n  text-decoration:none;\n  transition:0.3s;\n}\n\n.ue-grid-item-category a\n{\n  display:inline-block;\n  font-size:10px;\n  \n}\n\n.uc_post_title\n{\n  font-size:21px;\n}\n\n\n\n\n\n\n\n\n\n\n\n\t#uc_post_grid_elementor11843 .ue-item\n    {\n      display:flex;\n    }\n\n\t#uc_post_grid_elementor11843 .uc_content\n    {\n      display:flex;\n      justify-content:center;\n      flex-direction:column;\n    }\n\n    #uc_post_grid_elementor11843 .uc_content \n    {\n\n      flex-shrink:0;\n      flex-grow:0;\n    }\n    #uc_post_grid_elementor11843 .ue-post-image-wrapper\n    {\n      flex-grow:1;\n    }\n\t\n\n\n\n\n\n\n\n\n\n\n#uc_post_grid_elementor11843 .ue-meta-data\n{\n  \n  display:flex;\n\n  flex-wrap: wrap;\n  line-height:1em;\n}\n\n#uc_post_grid_elementor11843 .ue-grid-item-meta-data\n{\n      display:inline-flex;\n      align-items:center;\n}\n\n.ue-grid-item-meta-data\n{\n  font-size:12px;\n}\n\n#uc_post_grid_elementor11843 .ue-grid-item-meta-data-icon\n{\n  line-height:1em;\n}\n\n#uc_post_grid_elementor11843 .ue-grid-item-meta-data-icon svg\n{\n  width:1em;\n  height:1em;\n}\n\n#uc_post_grid_elementor11843 .ue-debug-meta\n{\n  padding:10px;\n  border:1px solid red;\n  position:relative;\n  line-height:1.5em;\n  font-size:11px;\n  width:100%;\n}\n\n.uc-remote-parent .ue-item{\n\tcursor:pointer;\n}\n\n<\/style>\n\n\t\t\t<div class=\"ue-post-grid uc-items-wrapper  \" id=\"uc_post_grid_elementor11843\"  >\n\t\t\t\n<\/div>\n\n\n\n\t\t\t<!-- end Post Grid -->\t\t<\/div>\n\t\t\t\t<\/div>\n\t\t\t\t\t<\/div>\n\t\t<\/div>\n\t\t\t\t\t<\/div>\n\t\t<\/section>\n\t\t\t\t<\/div>\n\t\t","protected":false},"excerpt":{"rendered":"<p>Toute l&rsquo;activit\u00e9 culturelle de la ville en un seul lieu M\u00fasica Yuri Salazar Nombre art\u00edstico: Yuri Afterman&#8230; Artes pl\u00e1sticas Wendy Marisela Ram\u00edrez L\u00f3pez Nombre art\u00edstico: Wemari Ciudad&#8230; Danza Fotograf\u00eda Morena [&hellip;]<\/p>\n","protected":false},"author":2,"featured_media":0,"parent":7803,"menu_order":0,"comment_status":"closed","ping_status":"closed","template":"elementor_header_footer","meta":{"footnotes":""},"class_list":["post-7778","page","type-page","status-publish","hentry"],"_links":{"self":[{"href":"https:\/\/www.laantiguaguatemala.com\/fr\/wp-json\/wp\/v2\/pages\/7778","targetHints":{"allow":["GET"]}}],"collection":[{"href":"https:\/\/www.laantiguaguatemala.com\/fr\/wp-json\/wp\/v2\/pages"}],"about":[{"href":"https:\/\/www.laantiguaguatemala.com\/fr\/wp-json\/wp\/v2\/types\/page"}],"author":[{"embeddable":true,"href":"https:\/\/www.laantiguaguatemala.com\/fr\/wp-json\/wp\/v2\/users\/2"}],"replies":[{"embeddable":true,"href":"https:\/\/www.laantiguaguatemala.com\/fr\/wp-json\/wp\/v2\/comments?post=7778"}],"version-history":[{"count":0,"href":"https:\/\/www.laantiguaguatemala.com\/fr\/wp-json\/wp\/v2\/pages\/7778\/revisions"}],"up":[{"embeddable":true,"href":"https:\/\/www.laantiguaguatemala.com\/fr\/wp-json\/wp\/v2\/pages\/7803"}],"wp:attachment":[{"href":"https:\/\/www.laantiguaguatemala.com\/fr\/wp-json\/wp\/v2\/media?parent=7778"}],"curies":[{"name":"wp","href":"https:\/\/api.w.org\/{rel}","templated":true}]}}